{"id":12,"date":"2026-04-01T16:32:41","date_gmt":"2026-04-01T16:32:41","guid":{"rendered":"https:\/\/tourguide.ee\/?page_id=12"},"modified":"2026-05-05T13:20:46","modified_gmt":"2026-05-05T13:20:46","slug":"renditingimused","status":"publish","type":"page","link":"https:\/\/tourguide.ee\/en\/renditingimused\/","title":{"rendered":"Rental terms"},"content":{"rendered":"<p>1. V\u00f5ttes rendile Funtech O\u00dc-le kuuluva vara, on Rentnik aktsepteerinud k\u00e4esolevaid renditingimusi ning k\u00f5igis vaidlusk\u00fcsimustes l\u00e4htutakse neist renditingimustest ning Eesti Vabariigi seadustest.<\/p>\n<p>2. Vara rentimise aluseks on Funtech O\u00dc rendipakkumine v\u00f5i kalkulatsioon, mille on koostanud veebileht www.tourguide.ee, milles on \u00e4ra toodud renditava vara t\u00e4pne loetelu, rendiperioodi pikkus ning maksumus.<\/p>\n<p>3. Rentnik on kohustatud tagastama vara hiljemalt pakkumises m\u00e4rgitud rendiperioodi l\u00f5ppemisele j\u00e4rgneval p\u00e4eval enne kella 13:00. Vara on v\u00f5imalik tagastada poolte kokkuleppel.<\/p>\n<p>4. Juhul, kui Rentnik tagastab vara eelpool mainitud t\u00e4htajast hiljem, on Rentnik kohustatud tasuma ka t\u00e4htaega \u00fcletanud p\u00e4evade eest.<\/p>\n<p>7. Rentnik on kohustatud:<\/p>\n<p>7.1 kasutama vara heaperemehelikult ning otstarbe kohaselt, mitte j\u00e4tma vara j\u00e4relvalveta,<\/p>\n<p>7.2 tagastama vara puhastatult ja t\u00f6\u00f6korras v\u00f5i vastasel juhul h\u00fcvitama Funtech O\u00dc-le vara puhastamise, taastamise ja seadistamise kulud.<\/p>\n<p>7.3 koheselt teavitama Funtech O\u00dc esindajat, kui rendile v\u00f5etud vara osutub mittekorrasolevaks. Juhul, kui Rentniku poolt nimetatud rike osutub p\u00f5hjendamatuks, on Rentnik siiski kohustatud tasuma rendi eest rendipakkumisest l\u00e4htuvalt,<\/p>\n<p>7.4 koheselt teavitama rendileandjat, kui vara l\u00e4heb kaotsi, kahjustub v\u00f5i h\u00e4vineb,<\/p>\n<p>7.5 vara kadumisel v\u00f5i h\u00e4vinemisel on Rentnik kohustatud h\u00fcvitama Funtech O\u00dc-le antud vara turuhinnas,<\/p>\n<p>7.6 vara kahjustumisel on Rentnik kohustatud h\u00fcvitama Funtech O\u00dc-le vara remondikulud.<\/p>\n<p>8. Rentnikul puudub \u00f5igus:<\/p>\n<p>8.1 iseseisvalt teostada v\u00f5i tellida teistelt isikutelt Funtech O\u00dc vara remonti.<\/p>\n<p>9. Funtech O\u00dc-l on \u00f5igus:<\/p>\n<p>9.1 n\u00f5uda vara v\u00e4lja mistahes ebaseaduslikust valdusest,<\/p>\n<p>9.2 n\u00f5uda lepingu ennet\u00e4htaegset l\u00f5petamist, kui ilmneb, et Rentnik on esitanud teadlikult v\u00e4\u00e4rinformatsiooni renti puudutavate asjaolude kohta.<\/p>\n<p>10. Funtech O\u00dc-l on kohustus:<\/p>\n<p>10.1 koheselt teavitada Rentnikku, kui p\u00e4rast vara tagastamist tuvastatakse, et rendis olnud vara on muutunud kasutamisk\u00f5lbmatuks v\u00f5i on toimunud vara v\u00e4\u00e4rtuse tunduv v\u00e4henemine,<\/p>\n<p>10.2 loobuda renditasu n\u00f5uetest (kas osaliselt v\u00f5i t\u00e4ielikult) Rentniku kasuks, kui osutub, et Rentnikule v\u00e4lja antud vara oli (kas osaliselt v\u00f5i t\u00e4ielikult) kasutusk\u00f5lbmatu.<\/p>","protected":false},"excerpt":{"rendered":"<p>1. V\u00f5ttes rendile Funtech O\u00dc-le kuuluva vara, on Rentnik aktsepteerinud k\u00e4esolevaid renditingimusi ning k\u00f5igis vaidlusk\u00fcsimustes l\u00e4htutakse neist renditingimustest ning Eesti Vabariigi seadustest. 2. Vara rentimise aluseks on Funtech O\u00dc rendipakkumine v\u00f5i kalkulatsioon, mille on koostanud veebileht www.tourguide.ee, milles on \u00e4ra toodud renditava vara t\u00e4pne loetelu, rendiperioodi pikkus ning maksumus. 3. Rentnik on kohustatud tagastama vara [&hellip;]<\/p>","protected":false},"author":0,"featured_media":0,"parent":0,"menu_order":0,"comment_status":"closed","ping_status":"closed","template":"","meta":{"_acf_changed":false,"footnotes":""},"class_list":["post-12","page","type-page","status-publish","hentry"],"acf":[],"aioseo_notices":[],"_links":{"self":[{"href":"https:\/\/tourguide.ee\/en\/wp-json\/wp\/v2\/pages\/12","targetHints":{"allow":["GET"]}}],"collection":[{"href":"https:\/\/tourguide.ee\/en\/wp-json\/wp\/v2\/pages"}],"about":[{"href":"https:\/\/tourguide.ee\/en\/wp-json\/wp\/v2\/types\/page"}],"replies":[{"embeddable":true,"href":"https:\/\/tourguide.ee\/en\/wp-json\/wp\/v2\/comments?post=12"}],"version-history":[{"count":20,"href":"https:\/\/tourguide.ee\/en\/wp-json\/wp\/v2\/pages\/12\/revisions"}],"predecessor-version":[{"id":216,"href":"https:\/\/tourguide.ee\/en\/wp-json\/wp\/v2\/pages\/12\/revisions\/216"}],"wp:attachment":[{"href":"https:\/\/tourguide.ee\/en\/wp-json\/wp\/v2\/media?parent=12"}],"curies":[{"name":"wp","href":"https:\/\/api.w.org\/{rel}","templated":true}]}}